{"id":5789,"date":"2024-10-09T19:22:59","date_gmt":"2024-10-09T19:22:59","guid":{"rendered":"https:\/\/www.merida.hr\/?page_id=5789"},"modified":"2024-11-12T18:41:06","modified_gmt":"2024-11-12T18:41:06","slug":"novosti","status":"publish","type":"page","link":"https:\/\/www.merida.hr\/?page_id=5789","title":{"rendered":"Novosti"},"content":{"rendered":"\t\t<div data-elementor-type=\"wp-page\" data-elementor-id=\"5789\" class=\"elementor elementor-5789\" data-elementor-post-type=\"page\">\n\t\t\t\t<div class=\"elementor-element elementor-element-4dba62fc e-con-full e-flex e-con e-parent\" data-id=\"4dba62fc\" data-element_type=\"container\" data-e-type=\"container\">\n\t\t\t\t<div class=\"elementor-element elementor-element-24d2abd7 elementor-invisible elementor-widget elementor-widget-heading\" data-id=\"24d2abd7\" data-element_type=\"widget\" data-e-type=\"widget\" data-settings=\"{&quot;_animation&quot;:&quot;fadeInDown&quot;}\" data-widget_type=\"heading.default\">\n\t\t\t\t<div class=\"elementor-widget-container\">\n\t\t\t\t\t<h1 class=\"elementor-heading-title elementor-size-default\">Novosti<\/h1>\t\t\t\t<\/div>\n\t\t\t\t<\/div>\n\t\t\t\t<div class=\"elementor-element elementor-element-235f9635 elementor-invisible elementor-widget elementor-widget-text-editor\" data-id=\"235f9635\" data-element_type=\"widget\" data-e-type=\"widget\" data-settings=\"{&quot;_animation&quot;:&quot;fadeInUp&quot;}\" data-widget_type=\"text-editor.default\">\n\t\t\t\t<div class=\"elementor-widget-container\">\n\t\t\t\t\t\t\t\t\t<p>Ovdje mo\u017eete pro\u010ditati sve novosti i doga\u0111aje vezane uz Meridu.<\/p>\t\t\t\t\t\t\t\t<\/div>\n\t\t\t\t<\/div>\n\t\t\t\t<\/div>\n\t\t<div class=\"elementor-element elementor-element-7e502193 e-con-full e-flex e-con e-parent\" data-id=\"7e502193\" data-element_type=\"container\" data-e-type=\"container\">\n\t\t\t\t<div class=\"elementor-element elementor-element-55e44735 elementor-grid-tablet-1 elementor-posts--align-center load-more-align-justify elementor-grid-3 elementor-grid-mobile-1 elementor-posts--thumbnail-top load-more-align-center elementor-invisible elementor-widget elementor-widget-posts\" data-id=\"55e44735\" data-element_type=\"widget\" data-e-type=\"widget\" data-settings=\"{&quot;classic_row_gap_mobile&quot;:{&quot;unit&quot;:&quot;px&quot;,&quot;size&quot;:52,&quot;sizes&quot;:[]},&quot;pagination_type&quot;:&quot;load_more_on_click&quot;,&quot;classic_columns_tablet&quot;:&quot;1&quot;,&quot;_animation&quot;:&quot;bounceInUp&quot;,&quot;classic_columns&quot;:&quot;3&quot;,&quot;classic_columns_mobile&quot;:&quot;1&quot;,&quot;classic_row_gap&quot;:{&quot;unit&quot;:&quot;px&quot;,&quot;size&quot;:35,&quot;sizes&quot;:[]},&quot;classic_row_gap_tablet&quot;:{&quot;unit&quot;:&quot;px&quot;,&quot;size&quot;:&quot;&quot;,&quot;sizes&quot;:[]},&quot;load_more_spinner&quot;:{&quot;value&quot;:&quot;fas fa-spinner&quot;,&quot;library&quot;:&quot;fa-solid&quot;}}\" data-widget_type=\"posts.classic\">\n\t\t\t\t<div class=\"elementor-widget-container\">\n\t\t\t\t\t\t\t<div class=\"elementor-posts-container elementor-posts elementor-posts--skin-classic elementor-grid\" role=\"list\">\n\t\t\t\t<article class=\"elementor-post elementor-grid-item post-5967 novost type-novost status-publish hentry\" role=\"listitem\">\n\t\t\t\t<div class=\"elementor-post__text\">\n\t\t\t\t<h3 class=\"elementor-post__title\">\n\t\t\t<a href=\"https:\/\/www.merida.hr\/?novost=meridina-aukcija\" >\n\t\t\t\tMeridina aukcija\t\t\t<\/a>\n\t\t<\/h3>\n\t\t\t\t<div class=\"elementor-post__meta-data\">\n\t\t\t\t\t<span class=\"elementor-post-date\">\n\t\t\t04\/11\/2024\t\t<\/span>\n\t\t\t\t<\/div>\n\t\t\t\t<div class=\"elementor-post__excerpt\">\n\t\t\t\t\t<\/div>\n\t\t\n\t\t<a class=\"elementor-post__read-more\" href=\"https:\/\/www.merida.hr\/?novost=meridina-aukcija\" aria-label=\"Read more about Meridina aukcija\" tabindex=\"-1\" >\n\t\t\tPro\u010ditajte &gt;\t\t<\/a>\n\n\t\t\t\t<\/div>\n\t\t\t\t<\/article>\n\t\t\t\t<article class=\"elementor-post elementor-grid-item post-5752 novost type-novost status-publish hentry\" role=\"listitem\">\n\t\t\t\t<div class=\"elementor-post__text\">\n\t\t\t\t<h3 class=\"elementor-post__title\">\n\t\t\t<a href=\"https:\/\/www.merida.hr\/?novost=test2\" >\n\t\t\t\tMeridin 8. ro\u0111endan!\t\t\t<\/a>\n\t\t<\/h3>\n\t\t\t\t<div class=\"elementor-post__meta-data\">\n\t\t\t\t\t<span class=\"elementor-post-date\">\n\t\t\t09\/10\/2024\t\t<\/span>\n\t\t\t\t<\/div>\n\t\t\t\t<div class=\"elementor-post__excerpt\">\n\t\t\t\t\t<\/div>\n\t\t\n\t\t<a class=\"elementor-post__read-more\" href=\"https:\/\/www.merida.hr\/?novost=test2\" aria-label=\"Read more about Meridin 8. ro\u0111endan!\" tabindex=\"-1\" >\n\t\t\tPro\u010ditajte &gt;\t\t<\/a>\n\n\t\t\t\t<\/div>\n\t\t\t\t<\/article>\n\t\t\t\t<article class=\"elementor-post elementor-grid-item post-5723 novost type-novost status-publish hentry\" role=\"listitem\">\n\t\t\t\t<div class=\"elementor-post__text\">\n\t\t\t\t<h3 class=\"elementor-post__title\">\n\t\t\t<a href=\"https:\/\/www.merida.hr\/?novost=test1\" >\n\t\t\t\tFestival pasa 2024\t\t\t<\/a>\n\t\t<\/h3>\n\t\t\t\t<div class=\"elementor-post__meta-data\">\n\t\t\t\t\t<span class=\"elementor-post-date\">\n\t\t\t08\/10\/2024\t\t<\/span>\n\t\t\t\t<\/div>\n\t\t\t\t<div class=\"elementor-post__excerpt\">\n\t\t\t\t\t<\/div>\n\t\t\n\t\t<a class=\"elementor-post__read-more\" href=\"https:\/\/www.merida.hr\/?novost=test1\" aria-label=\"Read more about Festival pasa 2024\" tabindex=\"-1\" >\n\t\t\tPro\u010ditajte &gt;\t\t<\/a>\n\n\t\t\t\t<\/div>\n\t\t\t\t<\/article>\n\t\t\t\t<\/div>\n\t\t\t\t\t<span class=\"e-load-more-spinner\">\n\t\t\t\t<svg aria-hidden=\"true\" class=\"e-font-icon-svg e-fas-spinner\" viewBox=\"0 0 512 512\" xmlns=\"http:\/\/www.w3.org\/2000\/svg\"><path d=\"M304 48c0 26.51-21.49 48-48 48s-48-21.49-48-48 21.49-48 48-48 48 21.49 48 48zm-48 368c-26.51 0-48 21.49-48 48s21.49 48 48 48 48-21.49 48-48-21.49-48-48-48zm208-208c-26.51 0-48 21.49-48 48s21.49 48 48 48 48-21.49 48-48-21.49-48-48-48zM96 256c0-26.51-21.49-48-48-48S0 229.49 0 256s21.49 48 48 48 48-21.49 48-48zm12.922 99.078c-26.51 0-48 21.49-48 48s21.49 48 48 48 48-21.49 48-48c0-26.509-21.491-48-48-48zm294.156 0c-26.51 0-48 21.49-48 48s21.49 48 48 48 48-21.49 48-48c0-26.509-21.49-48-48-48zM108.922 60.922c-26.51 0-48 21.49-48 48s21.49 48 48 48 48-21.49 48-48-21.491-48-48-48z\"><\/path><\/svg>\t\t\t<\/span>\n\t\t\n\t\t\t\t\t\t<\/div>\n\t\t\t\t<\/div>\n\t\t\t\t<\/div>\n\t\t<div class=\"elementor-element elementor-element-f191aac e-con-full e-flex e-con e-parent\" data-id=\"f191aac\" data-element_type=\"container\" data-e-type=\"container\">\n\t\t<div class=\"elementor-element elementor-element-3e5f0d7 e-flex e-con-boxed e-con e-child\" data-id=\"3e5f0d7\" data-element_type=\"container\" data-e-type=\"container\">\n\t\t\t\t\t<div class=\"e-con-inner\">\n\t\t\t\t<div class=\"elementor-element elementor-element-0049ee1 elementor-invisible elementor-widget elementor-widget-heading\" data-id=\"0049ee1\" data-element_type=\"widget\" data-e-type=\"widget\" data-settings=\"{&quot;_animation&quot;:&quot;fadeInDown&quot;}\" data-widget_type=\"heading.default\">\n\t\t\t\t<div class=\"elementor-widget-container\">\n\t\t\t\t\t<h1 class=\"elementor-heading-title elementor-size-default\">Pogledajte video s na\u0161eg 8. ro\u0111endana<\/h1>\t\t\t\t<\/div>\n\t\t\t\t<\/div>\n\t\t\t\t<div class=\"elementor-element elementor-element-3708178 elementor-widget__width-initial elementor-invisible elementor-widget elementor-widget-text-editor\" data-id=\"3708178\" data-element_type=\"widget\" data-e-type=\"widget\" data-settings=\"{&quot;_animation&quot;:&quot;fadeInUp&quot;}\" data-widget_type=\"text-editor.default\">\n\t\t\t\t<div class=\"elementor-widget-container\">\n\t\t\t\t\t\t\t\t\t<p>Video s 8. ro\u0111endana udruge Merida zra\u010di toplinom i zajedni\u0161tvom, gdje su se ljubitelji \u017eivotinja okupili u Mo\u010dvari uz buvljak, tombolu i svoje voljene ljubimce. Atmosferu je dodatno obogatila energi\u010dna izvedba Zdenke Kova\u010di\u010dek, koja je raspjevala i povezala sve prisutne.<\/p>\t\t\t\t\t\t\t\t<\/div>\n\t\t\t\t<\/div>\n\t\t\t\t\t<\/div>\n\t\t\t\t<\/div>\n\t\t<div class=\"elementor-element elementor-element-280641f e-flex e-con-boxed e-con e-child\" data-id=\"280641f\" data-element_type=\"container\" data-e-type=\"container\">\n\t\t\t\t\t<div class=\"e-con-inner\">\n\t\t\t\t<div class=\"elementor-element elementor-element-95a9f7a elementor-widget elementor-widget-video\" data-id=\"95a9f7a\" data-element_type=\"widget\" data-e-type=\"widget\" data-settings=\"{&quot;youtube_url&quot;:&quot;https:\\\/\\\/youtu.be\\\/idq00DYR4Vw&quot;,&quot;video_type&quot;:&quot;youtube&quot;,&quot;controls&quot;:&quot;yes&quot;}\" data-widget_type=\"video.default\">\n\t\t\t\t<div class=\"elementor-widget-container\">\n\t\t\t\t\t\t\t<div class=\"elementor-wrapper elementor-open-inline\">\n\t\t\t<div class=\"elementor-video\"><\/div>\t\t<\/div>\n\t\t\t\t\t\t<\/div>\n\t\t\t\t<\/div>\n\t\t\t\t\t<\/div>\n\t\t\t\t<\/div>\n\t\t\t\t<\/div>\n\t\t<div class=\"elementor-element elementor-element-1440ea e-con-full e-flex elementor-invisible e-con e-parent\" data-id=\"1440ea\" data-element_type=\"container\" data-e-type=\"container\" data-settings=\"{&quot;background_background&quot;:&quot;classic&quot;,&quot;animation&quot;:&quot;fadeIn&quot;}\">\n\t\t<div class=\"elementor-element elementor-element-75dcf3fb e-con-full e-flex e-con e-child\" data-id=\"75dcf3fb\" data-element_type=\"container\" data-e-type=\"container\">\n\t\t\t\t<div class=\"elementor-element elementor-element-4b7022ff elementor-invisible elementor-widget elementor-widget-heading\" data-id=\"4b7022ff\" data-element_type=\"widget\" data-e-type=\"widget\" data-settings=\"{&quot;_animation&quot;:&quot;fadeInLeft&quot;}\" data-widget_type=\"heading.default\">\n\t\t\t\t<div class=\"elementor-widget-container\">\n\t\t\t\t\t<h2 class=\"elementor-heading-title elementor-size-default\">Tra\u017eite svog prijatelja zauvijek?<\/h2>\t\t\t\t<\/div>\n\t\t\t\t<\/div>\n\t\t\t\t<\/div>\n\t\t<div class=\"elementor-element elementor-element-5ef6e9a2 e-con-full e-flex e-con e-child\" data-id=\"5ef6e9a2\" data-element_type=\"container\" data-e-type=\"container\">\n\t\t\t\t<div class=\"elementor-element elementor-element-7561d68a elementor-invisible elementor-widget elementor-widget-heading\" data-id=\"7561d68a\" data-element_type=\"widget\" data-e-type=\"widget\" data-settings=\"{&quot;_animation&quot;:&quot;fadeInRight&quot;}\" data-widget_type=\"heading.default\">\n\t\t\t\t<div class=\"elementor-widget-container\">\n\t\t\t\t\t<h2 class=\"elementor-heading-title elementor-size-default\">Pogledajte sve na\u0161e ljubimce koji su spremni na\u0107i svoju osobu!<\/h2>\t\t\t\t<\/div>\n\t\t\t\t<\/div>\n\t\t\t\t<div class=\"elementor-element elementor-element-ff8bf4b elementor-mobile-align-center elementor-invisible elementor-widget elementor-widget-button\" data-id=\"ff8bf4b\" data-element_type=\"widget\" data-e-type=\"widget\" data-settings=\"{&quot;_animation&quot;:&quot;fadeInUp&quot;}\" data-widget_type=\"button.default\">\n\t\t\t\t<div class=\"elementor-widget-container\">\n\t\t\t\t\t\t\t\t\t<div class=\"elementor-button-wrapper\">\n\t\t\t\t\t<a class=\"elementor-button elementor-button-link elementor-size-sm\" href=\"https:\/\/www.merida.hr\/?page_id=5202\">\n\t\t\t\t\t\t<span class=\"elementor-button-content-wrapper\">\n\t\t\t\t\t\t\t\t\t<span class=\"elementor-button-text\">Saznajte vi\u0161e<\/span>\n\t\t\t\t\t<\/span>\n\t\t\t\t\t<\/a>\n\t\t\t\t<\/div>\n\t\t\t\t\t\t\t\t<\/div>\n\t\t\t\t<\/div>\n\t\t\t\t<\/div>\n\t\t\t\t<\/div>\n\t\t\t\t<\/div>\n\t\t","protected":false},"excerpt":{"rendered":"<p>Novosti Ovdje mo\u017eete pro\u010ditati sve novosti i doga\u0111aje vezane uz Meridu. Pogledajte video s na\u0161eg 8. ro\u0111endana Video s 8. ro\u0111endana udruge Merida zra\u010di toplinom i zajedni\u0161tvom, gdje su se ljubitelji \u017eivotinja okupili u Mo\u010dvari uz buvljak, tombolu i svoje voljene ljubimce. Atmosferu je dodatno obogatila energi\u010dna izvedba Zdenke Kova\u010di\u010dek, koja je raspjevala i povezala [&hellip;]<\/p>\n","protected":false},"author":6,"featured_media":0,"parent":0,"menu_order":0,"comment_status":"closed","ping_status":"closed","template":"","meta":{"_acf_changed":false,"footnotes":""},"class_list":["post-5789","page","type-page","status-publish","hentry"],"acf":[],"yoast_head":"<!-- This site is optimized with the Yoast SEO plugin v26.9 - https:\/\/yoast.com\/product\/yoast-seo-wordpress\/ -->\n<title>Novosti - Udruga Merida<\/title>\n<meta name=\"description\" content=\"Pratite novosti iz udruge Merida. Saznajte o akcijama, udomljavanjima, humanitarnim doga\u0111anjima i svim informacijama vezanim uz na\u0161 rad.\" \/>\n<meta name=\"robots\" content=\"index, follow, max-snippet:-1, max-image-preview:large, max-video-preview:-1\" \/>\n<link rel=\"canonical\" href=\"https:\/\/www.merida.hr\/?page_id=5789\" \/>\n<meta property=\"og:locale\" content=\"hr_HR\" \/>\n<meta property=\"og:type\" content=\"article\" \/>\n<meta property=\"og:title\" content=\"Novosti - Udruga Merida\" \/>\n<meta property=\"og:description\" content=\"Pratite novosti iz udruge Merida. Saznajte o akcijama, udomljavanjima, humanitarnim doga\u0111anjima i svim informacijama vezanim uz na\u0161 rad.\" \/>\n<meta property=\"og:url\" content=\"https:\/\/www.merida.hr\/?page_id=5789\" \/>\n<meta property=\"og:site_name\" content=\"Udruga Merida\" \/>\n<meta property=\"article:publisher\" content=\"https:\/\/www.facebook.com\/udrugamerida\" \/>\n<meta property=\"article:modified_time\" content=\"2024-11-12T18:41:06+00:00\" \/>\n<meta property=\"og:image\" content=\"https:\/\/www.merida.hr\/wp-content\/uploads\/2024\/08\/merida-logo.png\" \/>\n\t<meta property=\"og:image:width\" content=\"969\" \/>\n\t<meta property=\"og:image:height\" content=\"853\" \/>\n\t<meta property=\"og:image:type\" content=\"image\/png\" \/>\n<meta name=\"twitter:card\" content=\"summary_large_image\" \/>\n<meta name=\"twitter:label1\" content=\"Procijenjeno vrijeme \u010ditanja\" \/>\n\t<meta name=\"twitter:data1\" content=\"1 minuta\" \/>\n<script type=\"application\/ld+json\" class=\"yoast-schema-graph\">{\"@context\":\"https:\/\/schema.org\",\"@graph\":[{\"@type\":\"WebPage\",\"@id\":\"https:\/\/www.merida.hr\/?page_id=5789\",\"url\":\"https:\/\/www.merida.hr\/?page_id=5789\",\"name\":\"Novosti - Udruga Merida\",\"isPartOf\":{\"@id\":\"https:\/\/www.merida.hr\/#website\"},\"datePublished\":\"2024-10-09T19:22:59+00:00\",\"dateModified\":\"2024-11-12T18:41:06+00:00\",\"description\":\"Pratite novosti iz udruge Merida. Saznajte o akcijama, udomljavanjima, humanitarnim doga\u0111anjima i svim informacijama vezanim uz na\u0161 rad.\",\"breadcrumb\":{\"@id\":\"https:\/\/www.merida.hr\/?page_id=5789#breadcrumb\"},\"inLanguage\":\"hr\",\"potentialAction\":[{\"@type\":\"ReadAction\",\"target\":[\"https:\/\/www.merida.hr\/?page_id=5789\"]}]},{\"@type\":\"BreadcrumbList\",\"@id\":\"https:\/\/www.merida.hr\/?page_id=5789#breadcrumb\",\"itemListElement\":[{\"@type\":\"ListItem\",\"position\":1,\"name\":\"Home\",\"item\":\"https:\/\/www.merida.hr\/\"},{\"@type\":\"ListItem\",\"position\":2,\"name\":\"Novosti\"}]},{\"@type\":\"WebSite\",\"@id\":\"https:\/\/www.merida.hr\/#website\",\"url\":\"https:\/\/www.merida.hr\/\",\"name\":\"Udruga Merida\",\"description\":\"Dobrodo\u0161li na web stranicu Udruge Merida!\",\"publisher\":{\"@id\":\"https:\/\/www.merida.hr\/#organization\"},\"potentialAction\":[{\"@type\":\"SearchAction\",\"target\":{\"@type\":\"EntryPoint\",\"urlTemplate\":\"https:\/\/www.merida.hr\/?s={search_term_string}\"},\"query-input\":{\"@type\":\"PropertyValueSpecification\",\"valueRequired\":true,\"valueName\":\"search_term_string\"}}],\"inLanguage\":\"hr\"},{\"@type\":\"Organization\",\"@id\":\"https:\/\/www.merida.hr\/#organization\",\"name\":\"Udruga Merida\",\"url\":\"https:\/\/www.merida.hr\/\",\"logo\":{\"@type\":\"ImageObject\",\"inLanguage\":\"hr\",\"@id\":\"https:\/\/www.merida.hr\/#\/schema\/logo\/image\/\",\"url\":\"https:\/\/www.merida.hr\/wp-content\/uploads\/2024\/08\/merida-logo.png\",\"contentUrl\":\"https:\/\/www.merida.hr\/wp-content\/uploads\/2024\/08\/merida-logo.png\",\"width\":969,\"height\":853,\"caption\":\"Udruga Merida\"},\"image\":{\"@id\":\"https:\/\/www.merida.hr\/#\/schema\/logo\/image\/\"},\"sameAs\":[\"https:\/\/www.facebook.com\/udrugamerida\",\"https:\/\/www.instagram.com\/udrugamerida\/\"]}]}<\/script>\n<!-- \/ Yoast SEO plugin. -->","yoast_head_json":{"title":"Novosti - Udruga Merida","description":"Pratite novosti iz udruge Merida. Saznajte o akcijama, udomljavanjima, humanitarnim doga\u0111anjima i svim informacijama vezanim uz na\u0161 rad.","robots":{"index":"index","follow":"follow","max-snippet":"max-snippet:-1","max-image-preview":"max-image-preview:large","max-video-preview":"max-video-preview:-1"},"canonical":"https:\/\/www.merida.hr\/?page_id=5789","og_locale":"hr_HR","og_type":"article","og_title":"Novosti - Udruga Merida","og_description":"Pratite novosti iz udruge Merida. Saznajte o akcijama, udomljavanjima, humanitarnim doga\u0111anjima i svim informacijama vezanim uz na\u0161 rad.","og_url":"https:\/\/www.merida.hr\/?page_id=5789","og_site_name":"Udruga Merida","article_publisher":"https:\/\/www.facebook.com\/udrugamerida","article_modified_time":"2024-11-12T18:41:06+00:00","og_image":[{"width":969,"height":853,"url":"https:\/\/www.merida.hr\/wp-content\/uploads\/2024\/08\/merida-logo.png","type":"image\/png"}],"twitter_card":"summary_large_image","twitter_misc":{"Procijenjeno vrijeme \u010ditanja":"1 minuta"},"schema":{"@context":"https:\/\/schema.org","@graph":[{"@type":"WebPage","@id":"https:\/\/www.merida.hr\/?page_id=5789","url":"https:\/\/www.merida.hr\/?page_id=5789","name":"Novosti - Udruga Merida","isPartOf":{"@id":"https:\/\/www.merida.hr\/#website"},"datePublished":"2024-10-09T19:22:59+00:00","dateModified":"2024-11-12T18:41:06+00:00","description":"Pratite novosti iz udruge Merida. Saznajte o akcijama, udomljavanjima, humanitarnim doga\u0111anjima i svim informacijama vezanim uz na\u0161 rad.","breadcrumb":{"@id":"https:\/\/www.merida.hr\/?page_id=5789#breadcrumb"},"inLanguage":"hr","potentialAction":[{"@type":"ReadAction","target":["https:\/\/www.merida.hr\/?page_id=5789"]}]},{"@type":"BreadcrumbList","@id":"https:\/\/www.merida.hr\/?page_id=5789#breadcrumb","itemListElement":[{"@type":"ListItem","position":1,"name":"Home","item":"https:\/\/www.merida.hr\/"},{"@type":"ListItem","position":2,"name":"Novosti"}]},{"@type":"WebSite","@id":"https:\/\/www.merida.hr\/#website","url":"https:\/\/www.merida.hr\/","name":"Udruga Merida","description":"Dobrodo\u0161li na web stranicu Udruge Merida!","publisher":{"@id":"https:\/\/www.merida.hr\/#organization"},"potentialAction":[{"@type":"SearchAction","target":{"@type":"EntryPoint","urlTemplate":"https:\/\/www.merida.hr\/?s={search_term_string}"},"query-input":{"@type":"PropertyValueSpecification","valueRequired":true,"valueName":"search_term_string"}}],"inLanguage":"hr"},{"@type":"Organization","@id":"https:\/\/www.merida.hr\/#organization","name":"Udruga Merida","url":"https:\/\/www.merida.hr\/","logo":{"@type":"ImageObject","inLanguage":"hr","@id":"https:\/\/www.merida.hr\/#\/schema\/logo\/image\/","url":"https:\/\/www.merida.hr\/wp-content\/uploads\/2024\/08\/merida-logo.png","contentUrl":"https:\/\/www.merida.hr\/wp-content\/uploads\/2024\/08\/merida-logo.png","width":969,"height":853,"caption":"Udruga Merida"},"image":{"@id":"https:\/\/www.merida.hr\/#\/schema\/logo\/image\/"},"sameAs":["https:\/\/www.facebook.com\/udrugamerida","https:\/\/www.instagram.com\/udrugamerida\/"]}]}},"_links":{"self":[{"href":"https:\/\/www.merida.hr\/index.php?rest_route=\/wp\/v2\/pages\/5789","targetHints":{"allow":["GET"]}}],"collection":[{"href":"https:\/\/www.merida.hr\/index.php?rest_route=\/wp\/v2\/pages"}],"about":[{"href":"https:\/\/www.merida.hr\/index.php?rest_route=\/wp\/v2\/types\/page"}],"author":[{"embeddable":true,"href":"https:\/\/www.merida.hr\/index.php?rest_route=\/wp\/v2\/users\/6"}],"replies":[{"embeddable":true,"href":"https:\/\/www.merida.hr\/index.php?rest_route=%2Fwp%2Fv2%2Fcomments&post=5789"}],"version-history":[{"count":26,"href":"https:\/\/www.merida.hr\/index.php?rest_route=\/wp\/v2\/pages\/5789\/revisions"}],"predecessor-version":[{"id":6162,"href":"https:\/\/www.merida.hr\/index.php?rest_route=\/wp\/v2\/pages\/5789\/revisions\/6162"}],"wp:attachment":[{"href":"https:\/\/www.merida.hr\/index.php?rest_route=%2Fwp%2Fv2%2Fmedia&parent=5789"}],"curies":[{"name":"wp","href":"https:\/\/api.w.org\/{rel}","templated":true}]}}